{"id":6559,"date":"2022-07-07T20:06:10","date_gmt":"2022-07-07T18:06:10","guid":{"rendered":"https:\/\/mallorcashootingsimulator.com\/politica-de-cookies\/"},"modified":"2022-08-04T18:08:24","modified_gmt":"2022-08-04T16:08:24","slug":"politica-de-cookies","status":"publish","type":"page","link":"https:\/\/mallorcashootingsimulator.com\/es\/politica-de-cookies\/","title":{"rendered":"Pol\u00edtica de cookies"},"content":{"rendered":"<p style=\"font-weight: 400;\"><strong>Pol\u00edtica de Cookies<\/strong><\/p>\n<p style=\"font-weight: 400;\">\n<p style=\"font-weight: 400;\"><em>\u00daltima actualizaci\u00f3n:<\/em><em> 29 de julio de 2022<\/em><\/p>\n<p style=\"font-weight: 400;\"><em> <\/em><\/p>\n<p style=\"font-weight: 400;\"><strong>Sumario<\/strong><\/p>\n<p style=\"font-weight: 400;\">\n<ul>\n<li>Cookies utilizadas: <strong>Propias y de Terceros<\/strong><\/li>\n<\/ul>\n<p style=\"font-weight: 400;\">\n<ul>\n<li>\u00bfSe usan para obtener estad\u00edsticas?  <strong>S\u00ed<\/strong><\/li>\n<\/ul>\n<p style=\"font-weight: 400;\">\n<ul>\n<li>\u00bfSe usan para publicidad?  <strong>S\u00ed<\/strong><\/li>\n<\/ul>\n<p style=\"font-weight: 400;\">\n<ul>\n<li>Servicios de terceros que instalan cookies a trav\u00e9s de esta web: <strong>Google Analytics, Facebook, Stripe, WordPress y Woocommerce.<\/strong><\/li>\n<\/ul>\n<p style=\"font-weight: 400;\">\n<p style=\"font-weight: 400;\"><strong>C\u00f3mo configurar y deshabilitar las cookies<\/strong><\/p>\n<p style=\"font-weight: 400;\">\n<p style=\"font-weight: 400;\">Puedes permitir, bloquear o eliminar las cookies instaladas en tu dispositivo desde tu navegador web. Si no permites la instalaci\u00f3n de cookies en tu dispositivo, puede que la experiencia de navegaci\u00f3n empeore. A continuaci\u00f3n puedes encontrar c\u00f3mo configurar las cookies en cada navegador:<\/p>\n<p style=\"font-weight: 400;\">\n<p style=\"font-weight: 400;\">&#8211; <a href=\"http:\/\/windows.microsoft.com\/es-es\/windows-10\/edge-privacy-faq\">Borde<\/a><\/p>\n<p style=\"font-weight: 400;\">&#8211; <a href=\"https:\/\/support.google.com\/chrome\/answer\/95647?hl=es\">Google Chrome<\/a><\/p>\n<p style=\"font-weight: 400;\">&#8211;<a href=\"https:\/\/support.google.com\/chrome\/answer\/114662?hl=es&amp;visit_id=1-636664625754483085-1648636281&amp;rd=1&amp;co=GENIE.Platform%3DAndroid&amp;oco=1\"> Google Android<\/a><\/p>\n<p style=\"font-weight: 400;\">&#8211;<a href=\"https:\/\/support.microsoft.com\/es-es\/help\/17442\/windows-internet-explorer-delete-manage-cookies\"> Internet Explorer 8<\/a><\/p>\n<p style=\"font-weight: 400;\">&#8211;<a href=\"https:\/\/support.microsoft.com\/es-es\/help\/278835\/how-to-delete-cookie-files-in-internet-explorer\"> Internet Explorer 9<\/a><\/p>\n<p style=\"font-weight: 400;\">&#8211;<a href=\"https:\/\/support.microsoft.com\/es-es\/help\/17442\/windows-internet-explorer-delete-manage-cookies#ie=ie-10\"> Internet Explorer 11<\/a><\/p>\n<p style=\"font-weight: 400;\">&#8211; <a href=\"https:\/\/support.mozilla.org\/es\/kb\/habilitar-y-deshabilitar-cookies-que-los-sitios-we\">Mozilla Firefox<\/a><\/p>\n<p style=\"font-weight: 400;\">&#8211;<a href=\"https:\/\/help.opera.com\/en\/latest\/web-preferences\/#cookies\"> \u00d3pera<\/a><\/p>\n<p style=\"font-weight: 400;\">&#8211; <a href=\"https:\/\/support.apple.com\/es-es\/guide\/safari\/sfri11471\/mac\">Safari<\/a><\/p>\n<p style=\"font-weight: 400;\">&#8211; <a href=\"https:\/\/support.apple.com\/es-es\/HT201265\">Safari Mobile<\/a><\/p>\n<p style=\"font-weight: 400;\">&#8211; <a href=\"https:\/\/support.brave.com\/hc\/en-us\/articles\/360050634931-How-Do-I-Manage-Cookies-In-Brave-\">Valiente<\/a><\/p>\n<p style=\"font-weight: 400;\"><u><a href=\"https:\/\/support.apple.com\/es-es\/HT201265\"> <\/a><\/u><\/p>\n<p style=\"font-weight: 400;\"><strong>1.- Tipos y usos<\/strong><\/p>\n<p style=\"font-weight: 400;\">\n<p style=\"font-weight: 400;\">El servicio utiliza cookies propias y de terceros para mejorar la navegaci\u00f3n, proporcionar el servicio y obtener estad\u00edsticas sobre el uso de la p\u00e1gina web.<\/p>\n<p style=\"font-weight: 400;\">\n<p style=\"font-weight: 400;\"><strong>2.- \u00bfQu\u00e9 es una cookie y para qu\u00e9 sirve?<\/strong><\/p>\n<p style=\"font-weight: 400;\">\n<p style=\"font-weight: 400;\">Una cookie es un fichero de texto que se env\u00eda al navegador web de tu ordenador, m\u00f3vil o tablet y que sirve para almacenar y recuperar informaci\u00f3n sobre la navegaci\u00f3n realizada. Por ejemplo, recordar tu nombre de usuario y contrase\u00f1a o las preferencias de tu perfil.<\/p>\n<p style=\"font-weight: 400;\">\n<p style=\"font-weight: 400;\"><strong>3.- \u00bfQu\u00e9 tipos de cookies hay?<\/strong><\/p>\n<p style=\"font-weight: 400;\">\n<p style=\"font-weight: 400;\">Seg\u00fan qui\u00e9n las gestione:<\/p>\n<p style=\"font-weight: 400;\">\n<ul>\n<li><u>Cookies propias<\/u>; se env\u00edan a tu navegador desde nuestros equipos o dominios web.<\/li>\n<\/ul>\n<p style=\"font-weight: 400;\">\n<ul>\n<li><u>Cookies de terceros<\/u>; se env\u00edan a tu navegador desde un equipo o dominio web que no gestionamos nosotros directamente, sino una tercera entidad como por ejemplo Google.<\/li>\n<\/ul>\n<p style=\"font-weight: 400;\">\n<p style=\"font-weight: 400;\">En funci\u00f3n del tiempo que est\u00e1n activas, hay:<\/p>\n<ul>\n<li><u>Cookies de sesi\u00f3n;<\/u> permanecen en el archivo de cookies de tu navegador hasta que abandonas la p\u00e1gina web, de modo que ninguna queda en tu dispositivo.<\/li>\n<\/ul>\n<p style=\"font-weight: 400;\">\n<ul>\n<li><u>Cookies persistentes;<\/u> permanecen en tu dispositivo y nuestra web las lee cada vez que realizas una nueva visita. Estas cookies dejan de funcionar pasada una fecha concreta.<\/li>\n<\/ul>\n<p style=\"font-weight: 400;\">\n<p style=\"font-weight: 400;\">Finalmente, y seg\u00fan su finalidad, tenemos:<\/p>\n<p style=\"font-weight: 400;\">\n<ul>\n<li><u>Cookies t\u00e9cnicas;<\/u> mejoran la navegaci\u00f3n y el buen funcionamiento de la web.<\/li>\n<\/ul>\n<p style=\"font-weight: 400;\">\n<ul>\n<li><u>Cookies de personalizaci\u00f3n;<\/u> permiten acceder al servicio con unas caracter\u00edsticas predefinidas en funci\u00f3n de una serie de criterios.<\/li>\n<\/ul>\n<p style=\"font-weight: 400;\">\n<ul>\n<li><u>Cookies de an\u00e1lisis;<\/u> permiten medir y analizar estad\u00edsticamente el uso que se hace del servicio prestado.<\/li>\n<\/ul>\n<p style=\"font-weight: 400;\">\n<p style=\"font-weight: 400;\">Cookies utilizadas por <strong>Mallorca Shooting Simulator<\/strong>:<\/p>\n<p style=\"font-weight: 400;\">\n<table style=\"font-weight: 400;\" width=\"591\">\n<tbody>\n<tr>\n<td width=\"152\"><strong>Nombre<\/strong><\/td>\n<td width=\"158\"><strong>Origen<\/strong><\/td>\n<td width=\"120\"><strong>Finalidad<\/strong><\/td>\n<td width=\"69\"><strong>Tipo<\/strong><\/td>\n<td width=\"92\"><strong>Caducidad<\/strong><\/td>\n<\/tr>\n<tr>\n<td width=\"152\">El problema es que no se puede hacer nada para evitarlo.<\/td>\n<td width=\"158\">.mallorcashootingsimulator.com<\/td>\n<td width=\"120\">Anal\u00edtica (rendimiento)<\/td>\n<td width=\"69\">Tercero<\/td>\n<td width=\"92\">Sesi\u00f3n<\/td>\n<\/tr>\n<tr>\n<td width=\"152\">_gid<\/td>\n<td width=\"158\">.mallorcashootingsimulator.com<\/td>\n<td width=\"120\">Anal\u00edtica (funcionalidad)<\/td>\n<td width=\"69\">Tercero<\/td>\n<td width=\"92\">1 d\u00eda<\/td>\n<\/tr>\n<tr>\n<td width=\"152\">El problema es que no se puede hacer nada para evitarlo.<\/td>\n<td width=\"158\">.mallorcashootingsimulator.com<\/td>\n<td width=\"120\">Anal\u00edtica (rendimiento)<\/td>\n<td width=\"69\">Tercero<\/td>\n<td width=\"92\">2 a\u00f1os<\/td>\n<\/tr>\n<tr>\n<td width=\"152\">wp-wpml_current_language<\/td>\n<td width=\"158\">.mallorcashootingsimulator.com<\/td>\n<td width=\"120\">T\u00e9cnica (funcionalidad)<\/td>\n<td width=\"69\">Tercero<\/td>\n<td width=\"92\">Sesi\u00f3n<\/td>\n<\/tr>\n<tr>\n<td width=\"152\">wpml_browser_redirect_test<\/td>\n<td width=\"158\">.mallorcashootingsimulator.com<\/td>\n<td width=\"120\">T\u00e9cnica (funcionalidad)<\/td>\n<td width=\"69\">Tercero<\/td>\n<td width=\"92\">Sesi\u00f3n<\/td>\n<\/tr>\n<tr>\n<td width=\"152\">El sistema de gesti\u00f3n de la calidad de los productos de la industria de la construcci\u00f3n es un sistema de gesti\u00f3n de la calidad.<\/td>\n<td width=\"158\">.mallorcashootingsimulator.com<\/td>\n<td width=\"120\">Anal\u00edtica (Segmentaci\u00f3n\/<\/p>\n<p>publicidad)<\/td>\n<td width=\"69\">Tercero<\/td>\n<td width=\"92\">3 meses<\/td>\n<\/tr>\n<tr>\n<td width=\"152\">_icl_visitor_lang_js<\/td>\n<td width=\"158\">.mallorcashootingsimulator.com<\/td>\n<td width=\"120\">T\u00e9cnica (funcionalidad)<\/td>\n<td width=\"69\">Propia<\/td>\n<td width=\"92\">1 d\u00eda<\/td>\n<\/tr>\n<tr>\n<td width=\"152\">tk_lr<\/td>\n<td width=\"158\">.mallorcashootingsimulator.com<\/td>\n<td width=\"120\">Anal\u00edtica (rendimiento)<\/td>\n<td width=\"69\">Propia<\/td>\n<td width=\"92\">1 a\u00f1o<\/td>\n<\/tr>\n<tr>\n<td width=\"152\">tk_r3d<\/td>\n<td width=\"158\">.mallorcashootingsimulator.com<\/td>\n<td width=\"120\">Anal\u00edtica (rendimiento)<\/td>\n<td width=\"69\">Propia<\/td>\n<td width=\"92\">3 d\u00edas<\/td>\n<\/tr>\n<tr>\n<td width=\"152\">tk_o<\/td>\n<td width=\"158\">.mallorcashootingsimulator.com<\/td>\n<td width=\"120\">Anal\u00edtica (rendimiento)<\/td>\n<td width=\"69\">Propia<\/td>\n<td width=\"92\">5 a\u00f1os<\/td>\n<\/tr>\n<tr>\n<td width=\"152\">PHPSESSID<\/td>\n<td width=\"158\">.mallorcashootingsimulator.com<\/td>\n<td width=\"120\">T\u00e9cnica (funcionalidad)<\/td>\n<td width=\"69\">Propia<\/td>\n<td width=\"92\">Sesi\u00f3n<\/td>\n<\/tr>\n<tr>\n<td width=\"152\">__franja_sid<\/td>\n<td width=\"158\">.mallorcashootingsimulator.com<\/td>\n<td width=\"120\">Anal\u00edtica<\/td>\n<td width=\"69\">Tercero<\/td>\n<td width=\"92\">Sesi\u00f3n<\/td>\n<\/tr>\n<tr>\n<td width=\"152\">tk_qs<\/td>\n<td width=\"158\">.mallorcashootingsimulator.com<\/td>\n<td width=\"120\">Anal\u00edtica (rendimiento)<\/td>\n<td width=\"69\">Propia<\/td>\n<td width=\"92\">Sesi\u00f3n<\/td>\n<\/tr>\n<tr>\n<td width=\"152\">tk_ai<\/td>\n<td width=\"158\">.mallorcashootingsimulator.com<\/td>\n<td width=\"120\">Anal\u00edtica (rendimiento)<\/td>\n<td width=\"69\">Propia<\/td>\n<td width=\"92\">5 a\u00f1os<\/td>\n<\/tr>\n<tr>\n<td width=\"152\">woocommerce_cart_hash<\/td>\n<td width=\"158\">.mallorcashootingsimulator.com<\/td>\n<td width=\"120\">Anal\u00edtica (funcionalidad)<\/td>\n<td width=\"69\">Tercero<\/td>\n<td width=\"92\">Sesi\u00f3n<\/td>\n<\/tr>\n<tr>\n<td width=\"152\">wp_woocommerce_session_c3cd008591f113f6e8c69ac56a9b5a96<\/td>\n<td width=\"158\">.mallorcashootingsimulator.com<\/td>\n<td width=\"120\">Anal\u00edtica (funcionalidad)<\/td>\n<td width=\"69\">Tercero<\/td>\n<td width=\"92\">2 d\u00edas<\/td>\n<\/tr>\n<tr>\n<td width=\"152\">woocommerce_items_in_cart<\/td>\n<td width=\"158\">.mallorcashootingsimulator.com<\/td>\n<td width=\"120\">Anal\u00edtica (funcionalidad)<\/td>\n<td width=\"69\">Tercero<\/td>\n<td width=\"92\">Sesi\u00f3n<\/td>\n<\/tr>\n<tr>\n<td width=\"152\">__raya_media<\/td>\n<td width=\"158\">.mallorcashootingsimulator.com<\/td>\n<td width=\"120\">Anal\u00edtica<\/td>\n<td width=\"69\">Tercero<\/td>\n<td width=\"92\">1 a\u00f1o y 1 mes<\/td>\n<\/tr>\n<\/tbody>\n<\/table>\n<p style=\"font-weight: 400;\">\n<p style=\"font-weight: 400;\">Lista de cookies de terceros:<\/p>\n<p style=\"font-weight: 400;\">\n<p style=\"font-weight: 400;\"><a href=\"https:\/\/developers.google.com\/analytics\/devguides\/collection\/analyticsjs\/cookie-usage\">Google Analytics<\/a>: Sus cookies (como por ejemplo _ga) permiten contabilizar las veces que un usuario visita una web, c\u00f3mo, cu\u00e1ndo y desde d\u00f3nde lo hace.<\/p>\n<p style=\"font-weight: 400;\">\n<p style=\"font-weight: 400;\">En cualquier caso, puedes inhabilitar las cookies de Google Analytics desde <a href=\"https:\/\/tools.google.com\/dlpage\/gaoptout\">aqu\u00ed.<\/a><\/p>\n<p style=\"font-weight: 400;\">\n<p style=\"font-weight: 400;\"><a href=\"https:\/\/www.facebook.com\/policies\/cookies\/\">Facebook<\/a>: Sus cookies (como por ejemplo _fbp) sirven para ofrecer una serie de productos publicitarios, como ofertas en tiempo real de terceros anunciantes.<\/p>\n<p style=\"font-weight: 400;\">\n<p style=\"font-weight: 400;\"><a href=\"https:\/\/stripe.com\/cookies-policy\/legal\">Stripe:<\/a> Sus cookies (por ejemplo nsr) se utilizan para el procesamiento de los pagos de pedidos a trav\u00e9s del sitio web.<\/p>\n<p style=\"font-weight: 400;\">\n<p style=\"font-weight: 400;\"><a href=\"https:\/\/automattic.com\/es\/cookies\/\">WordPress<\/a>: Sus cookies (como por ejemplo wp-wpml_current_language) permiten que la web pueda operar de manera eficiente. Ayudan a adaptar el lenguaje y a que el usuario pueda utilizar todos los elementos de la web correctamente.<\/p>\n<p style=\"font-weight: 400;\">\n<p style=\"font-weight: 400;\"><a href=\"https:\/\/woocommerce.com\/document\/woocommerce-cookies\/\">Woocommerce<\/a>: Sus cookies (como por ejemplo woocommerce_cart_hash) permiten a WooCommerce determinar cu\u00e1ndo cambia el contenido\/los datos del carrito.<\/p>\n<p style=\"font-weight: 400;\">\n","protected":false},"excerpt":{"rendered":"<p>Pol\u00edtica de Cookies \u00daltima actualizaci\u00f3n: 29 de julio de 2022 Sumario Cookies utilizadas: Propias y de Terceros \u00bfSe usan para obtener estad\u00edsticas? S\u00ed \u00bfSe usan para publicidad? S\u00ed Servicios de terceros que instalan cookies a trav\u00e9s de esta web: Google Analytics, Facebook, Stripe, WordPress y Woocommerce. C\u00f3mo configurar y deshabilitar las cookies Puedes permitir, bloquear o eliminar las cookies instaladas en tu dispositivo desde tu navegador web. Si no permites la instalaci\u00f3n de cookies en [&hellip;]<\/p>\n","protected":false},"author":1,"featured_media":0,"parent":0,"menu_order":0,"comment_status":"closed","ping_status":"closed","template":"page-templates\/full-width.php","meta":{"footnotes":""},"class_list":["post-6559","page","type-page","status-publish","hentry"],"yoast_head":"<!-- This site is optimized with the Yoast SEO plugin v26.1.1 - https:\/\/yoast.com\/wordpress\/plugins\/seo\/ -->\n<title>Pol\u00edtica de cookies - Mallorca Shooting Simulator<\/title>\n<meta name=\"description\" content=\"Consulta nuestra pol\u00edtica de cookies y la forma en que las utilizamos. Cuidamos a nuestros clientes y queremos ofrecerles la mejor experiencia\" \/>\n<meta name=\"robots\" content=\"noindex, nofollow\" \/>\n<meta property=\"og:locale\" content=\"es_ES\" \/>\n<meta property=\"og:type\" content=\"article\" \/>\n<meta property=\"og:title\" content=\"Pol\u00edtica de cookies - Mallorca Shooting Simulator\" \/>\n<meta property=\"og:description\" content=\"Consulta nuestra pol\u00edtica de cookies y la forma en que las utilizamos. Cuidamos a nuestros clientes y queremos ofrecerles la mejor experiencia\" \/>\n<meta property=\"og:url\" content=\"https:\/\/mallorcashootingsimulator.com\/es\/politica-de-cookies\/\" \/>\n<meta property=\"og:site_name\" content=\"Mallorca Shooting Simulator\" \/>\n<meta property=\"article:modified_time\" content=\"2022-08-04T16:08:24+00:00\" \/>\n<meta name=\"twitter:card\" content=\"summary_large_image\" \/>\n<meta name=\"twitter:label1\" content=\"Tiempo de lectura\" \/>\n\t<meta name=\"twitter:data1\" content=\"4 minutos\" \/>\n<script type=\"application\/ld+json\" class=\"yoast-schema-graph\">{\"@context\":\"https:\/\/schema.org\",\"@graph\":[{\"@type\":\"WebPage\",\"@id\":\"https:\/\/mallorcashootingsimulator.com\/es\/politica-de-cookies\/\",\"url\":\"https:\/\/mallorcashootingsimulator.com\/es\/politica-de-cookies\/\",\"name\":\"Pol\u00edtica de cookies - Mallorca Shooting Simulator\",\"isPartOf\":{\"@id\":\"https:\/\/mallorcashootingsimulator.com\/es\/#website\"},\"datePublished\":\"2022-07-07T18:06:10+00:00\",\"dateModified\":\"2022-08-04T16:08:24+00:00\",\"description\":\"Consulta nuestra pol\u00edtica de cookies y la forma en que las utilizamos. Cuidamos a nuestros clientes y queremos ofrecerles la mejor experiencia\",\"breadcrumb\":{\"@id\":\"https:\/\/mallorcashootingsimulator.com\/es\/politica-de-cookies\/#breadcrumb\"},\"inLanguage\":\"es\",\"potentialAction\":[{\"@type\":\"ReadAction\",\"target\":[\"https:\/\/mallorcashootingsimulator.com\/es\/politica-de-cookies\/\"]}]},{\"@type\":\"BreadcrumbList\",\"@id\":\"https:\/\/mallorcashootingsimulator.com\/es\/politica-de-cookies\/#breadcrumb\",\"itemListElement\":[{\"@type\":\"ListItem\",\"position\":1,\"name\":\"Home\",\"item\":\"https:\/\/mallorcashootingsimulator.com\/es\/\"},{\"@type\":\"ListItem\",\"position\":2,\"name\":\"Pol\u00edtica de cookies\"}]},{\"@type\":\"WebSite\",\"@id\":\"https:\/\/mallorcashootingsimulator.com\/es\/#website\",\"url\":\"https:\/\/mallorcashootingsimulator.com\/es\/\",\"name\":\"Mallorca Shooting Simulator\",\"description\":\"Shooting Simulator N\u00ba1 in Mallorca\",\"publisher\":{\"@id\":\"https:\/\/mallorcashootingsimulator.com\/es\/#organization\"},\"potentialAction\":[{\"@type\":\"SearchAction\",\"target\":{\"@type\":\"EntryPoint\",\"urlTemplate\":\"https:\/\/mallorcashootingsimulator.com\/es\/?s={search_term_string}\"},\"query-input\":{\"@type\":\"PropertyValueSpecification\",\"valueRequired\":true,\"valueName\":\"search_term_string\"}}],\"inLanguage\":\"es\"},{\"@type\":\"Organization\",\"@id\":\"https:\/\/mallorcashootingsimulator.com\/es\/#organization\",\"name\":\"Mallorca Shooting Simulator\",\"url\":\"https:\/\/mallorcashootingsimulator.com\/es\/\",\"logo\":{\"@type\":\"ImageObject\",\"inLanguage\":\"es\",\"@id\":\"https:\/\/mallorcashootingsimulator.com\/es\/#\/schema\/logo\/image\/\",\"url\":\"https:\/\/mallorcashootingsimulator.com\/wp-content\/uploads\/2022\/06\/cropped-MallorcaBN_50.png\",\"contentUrl\":\"https:\/\/mallorcashootingsimulator.com\/wp-content\/uploads\/2022\/06\/cropped-MallorcaBN_50.png\",\"width\":125,\"height\":135,\"caption\":\"Mallorca Shooting Simulator\"},\"image\":{\"@id\":\"https:\/\/mallorcashootingsimulator.com\/es\/#\/schema\/logo\/image\/\"}}]}<\/script>\n<!-- \/ Yoast SEO plugin. -->","yoast_head_json":{"title":"Pol\u00edtica de cookies - Mallorca Shooting Simulator","description":"Consulta nuestra pol\u00edtica de cookies y la forma en que las utilizamos. Cuidamos a nuestros clientes y queremos ofrecerles la mejor experiencia","robots":{"index":"noindex","follow":"nofollow"},"og_locale":"es_ES","og_type":"article","og_title":"Pol\u00edtica de cookies - Mallorca Shooting Simulator","og_description":"Consulta nuestra pol\u00edtica de cookies y la forma en que las utilizamos. Cuidamos a nuestros clientes y queremos ofrecerles la mejor experiencia","og_url":"https:\/\/mallorcashootingsimulator.com\/es\/politica-de-cookies\/","og_site_name":"Mallorca Shooting Simulator","article_modified_time":"2022-08-04T16:08:24+00:00","twitter_card":"summary_large_image","twitter_misc":{"Tiempo de lectura":"4 minutos"},"schema":{"@context":"https:\/\/schema.org","@graph":[{"@type":"WebPage","@id":"https:\/\/mallorcashootingsimulator.com\/es\/politica-de-cookies\/","url":"https:\/\/mallorcashootingsimulator.com\/es\/politica-de-cookies\/","name":"Pol\u00edtica de cookies - Mallorca Shooting Simulator","isPartOf":{"@id":"https:\/\/mallorcashootingsimulator.com\/es\/#website"},"datePublished":"2022-07-07T18:06:10+00:00","dateModified":"2022-08-04T16:08:24+00:00","description":"Consulta nuestra pol\u00edtica de cookies y la forma en que las utilizamos. Cuidamos a nuestros clientes y queremos ofrecerles la mejor experiencia","breadcrumb":{"@id":"https:\/\/mallorcashootingsimulator.com\/es\/politica-de-cookies\/#breadcrumb"},"inLanguage":"es","potentialAction":[{"@type":"ReadAction","target":["https:\/\/mallorcashootingsimulator.com\/es\/politica-de-cookies\/"]}]},{"@type":"BreadcrumbList","@id":"https:\/\/mallorcashootingsimulator.com\/es\/politica-de-cookies\/#breadcrumb","itemListElement":[{"@type":"ListItem","position":1,"name":"Home","item":"https:\/\/mallorcashootingsimulator.com\/es\/"},{"@type":"ListItem","position":2,"name":"Pol\u00edtica de cookies"}]},{"@type":"WebSite","@id":"https:\/\/mallorcashootingsimulator.com\/es\/#website","url":"https:\/\/mallorcashootingsimulator.com\/es\/","name":"Mallorca Shooting Simulator","description":"Shooting Simulator N\u00ba1 in Mallorca","publisher":{"@id":"https:\/\/mallorcashootingsimulator.com\/es\/#organization"},"potentialAction":[{"@type":"SearchAction","target":{"@type":"EntryPoint","urlTemplate":"https:\/\/mallorcashootingsimulator.com\/es\/?s={search_term_string}"},"query-input":{"@type":"PropertyValueSpecification","valueRequired":true,"valueName":"search_term_string"}}],"inLanguage":"es"},{"@type":"Organization","@id":"https:\/\/mallorcashootingsimulator.com\/es\/#organization","name":"Mallorca Shooting Simulator","url":"https:\/\/mallorcashootingsimulator.com\/es\/","logo":{"@type":"ImageObject","inLanguage":"es","@id":"https:\/\/mallorcashootingsimulator.com\/es\/#\/schema\/logo\/image\/","url":"https:\/\/mallorcashootingsimulator.com\/wp-content\/uploads\/2022\/06\/cropped-MallorcaBN_50.png","contentUrl":"https:\/\/mallorcashootingsimulator.com\/wp-content\/uploads\/2022\/06\/cropped-MallorcaBN_50.png","width":125,"height":135,"caption":"Mallorca Shooting Simulator"},"image":{"@id":"https:\/\/mallorcashootingsimulator.com\/es\/#\/schema\/logo\/image\/"}}]}},"jetpack_sharing_enabled":true,"_links":{"self":[{"href":"https:\/\/mallorcashootingsimulator.com\/es\/wp-json\/wp\/v2\/pages\/6559","targetHints":{"allow":["GET"]}}],"collection":[{"href":"https:\/\/mallorcashootingsimulator.com\/es\/wp-json\/wp\/v2\/pages"}],"about":[{"href":"https:\/\/mallorcashootingsimulator.com\/es\/wp-json\/wp\/v2\/types\/page"}],"author":[{"embeddable":true,"href":"https:\/\/mallorcashootingsimulator.com\/es\/wp-json\/wp\/v2\/users\/1"}],"replies":[{"embeddable":true,"href":"https:\/\/mallorcashootingsimulator.com\/es\/wp-json\/wp\/v2\/comments?post=6559"}],"version-history":[{"count":0,"href":"https:\/\/mallorcashootingsimulator.com\/es\/wp-json\/wp\/v2\/pages\/6559\/revisions"}],"wp:attachment":[{"href":"https:\/\/mallorcashootingsimulator.com\/es\/wp-json\/wp\/v2\/media?parent=6559"}],"curies":[{"name":"wp","href":"https:\/\/api.w.org\/{rel}","templated":true}]}}