{"id":6543,"date":"2022-07-05T20:04:09","date_gmt":"2022-07-05T18:04:09","guid":{"rendered":"https:\/\/mallorcashootingsimulator.com\/preguntas-frecuentes\/"},"modified":"2024-04-23T12:53:25","modified_gmt":"2024-04-23T10:53:25","slug":"preguntas-frecuentes","status":"publish","type":"page","link":"https:\/\/mallorcashootingsimulator.com\/es\/preguntas-frecuentes\/","title":{"rendered":"Preguntas frecuentes"},"content":{"rendered":"<div class=\"wpb-content-wrapper\"><p>[vc_row][vc_column][vc_tta_accordion][vc_tta_section title=\u00bb\u00bfD\u00f3nde se encuentra el simulador?\u00bb tab_id=\u00bb1657049373189-cc8091d9-6c7a\u00bb][vc_column_text css=\u00bb\u00bb]El Simulador de Tiro de Mallorca estaba situado en Calvi\u00e1. Mallorca. Islas Baleares. Actualmente el local est\u00e1 cerrado y s\u00f3lo es posible reservar el simulador para eventos privados. Iremos a tu casa y lo instalaremos all\u00ed. Tenemos una carpa por si hay que montarla al aire libre.[\/vc_column_text][\/vc_tta_section][vc_tta_section title=\u00bb\u00bfCu\u00e1les son los horarios de apertura?\u00bb tab_id=\u00bb1657049373190-5f6bf80c-8e6c\u00bb][vc_column_text css=\u00bb\u00bb]Nos desplazamos a los eventos adapt\u00e1ndonos a tu horario. Ponte en contacto con nosotros y dise\u00f1aremos juntos la experiencia que mejor se adapte a ti.[\/vc_column_text][\/vc_tta_section][vc_tta_section title=\u00bb\u00bfCu\u00e1ntas personas pueden practicar?\u00bb tab_id=\u00bb1657050119954-de81c83d-4866&#8243;][vc_column_text css=\u00bb\u00bb]Los programas de an\u00e1lisis de tiro est\u00e1n dise\u00f1ados para una o dos personas, pero por supuesto pueden asistir m\u00e1s y turnarse. En las competiciones hay duelos entre dos personas, pero tambi\u00e9n es posible organizar competiciones por turnos en las que puede participar un n\u00famero ilimitado de personas. En la opci\u00f3n Salvaje Oeste pueden jugar cuatro tiradores a la vez y es perfecta para grandes eventos como bodas, etc.[\/vc_column_text][\/vc_tta_section][vc_tta_section title=\u00bb\u00bfC\u00f3mo se utilizan las armas?\u00bb tab_id=\u00bb1657050622341-5e78b179-0b41&#8243;][vc_column_text]Tenemos diferentes armas a disposici\u00f3n de nuestros clientes en funci\u00f3n de la modalidad que deseen practicar. Nuestras escopetas son muy reales, con el mismo peso que una de verdad. Unicamente no tienen retroceso, lo que hace que sean f\u00e1ciles de usar para los principiantes. Tambi\u00e9n tenemos rifles y pistolas, y dos rifles m\u00e1s ligeros para los ni\u00f1os.<br \/>\nPara el programa del Salvaje Oeste tenemos 4 robustas escopetas para mayor diversi\u00f3n.[\/vc_column_text][\/vc_tta_section][vc_tta_section title=\u00bb\u00bfEs seguro el simulador?\u00bb tab_id=\u00bb1657050869433-0b45243d-187e\u00bb][vc_column_text]100% seguro<br \/>\nNo utilizamos munici\u00f3n real, por lo que la actividad es totalmente segura.<br \/>\nNuestras armas est\u00e1n equipadas con un sistema l\u00e1ser captado por c\u00e1maras especiales que permiten realizar los c\u00e1lculos con la m\u00e1xima precisi\u00f3n.[\/vc_column_text][\/vc_tta_section][\/vc_tta_accordion][\/vc_column][\/vc_row]<\/p>\n<\/div>","protected":false},"excerpt":{"rendered":"<p>[vc_row][vc_column][vc_tta_accordion][vc_tta_section title=\u00bb\u00bfD\u00f3nde se encuentra el simulador?\u00bb tab_id=\u00bb1657049373189-cc8091d9-6c7a\u00bb][vc_column_text css=\u00bb\u00bb]El Simulador de Tiro de Mallorca estaba situado en Calvi\u00e1. Mallorca. Islas Baleares. Actualmente el local est\u00e1 cerrado y s\u00f3lo es posible reservar el simulador para eventos privados. Iremos a tu casa y lo instalaremos all\u00ed. Tenemos una carpa por si hay que montarla al aire libre.[\/vc_column_text][\/vc_tta_section][vc_tta_section title=\u00bb\u00bfCu\u00e1les son los horarios de apertura?\u00bb tab_id=\u00bb1657049373190-5f6bf80c-8e6c\u00bb][vc_column_text css=\u00bb\u00bb]Nos desplazamos a los eventos adapt\u00e1ndonos a tu horario. Ponte en contacto con nosotros [&hellip;]<\/p>\n","protected":false},"author":1,"featured_media":6444,"parent":0,"menu_order":0,"comment_status":"closed","ping_status":"closed","template":"page-templates\/full-width.php","meta":{"footnotes":""},"class_list":["post-6543","page","type-page","status-publish","has-post-thumbnail","hentry"],"yoast_head":"<!-- This site is optimized with the Yoast SEO plugin v26.1.1 - https:\/\/yoast.com\/wordpress\/plugins\/seo\/ -->\n<title>Preguntas frecuentes - Mallorca Shooting Simulator<\/title>\n<meta name=\"description\" content=\"Si tienes dudas sobre el simulador de tiro puedes consultar nuestra p\u00e1gina de preguntas frecuentes o ponerte en contacto con nosotros si a\u00fan lo necesitas\" \/>\n<meta name=\"robots\" content=\"index, follow, max-snippet:-1, max-image-preview:large, max-video-preview:-1\" \/>\n<link rel=\"canonical\" href=\"https:\/\/mallorcashootingsimulator.com\/es\/preguntas-frecuentes\/\" \/>\n<meta property=\"og:locale\" content=\"es_ES\" \/>\n<meta property=\"og:type\" content=\"article\" \/>\n<meta property=\"og:title\" content=\"Preguntas frecuentes - Mallorca Shooting Simulator\" \/>\n<meta property=\"og:description\" content=\"Si tienes dudas sobre el simulador de tiro puedes consultar nuestra p\u00e1gina de preguntas frecuentes o ponerte en contacto con nosotros si a\u00fan lo necesitas\" \/>\n<meta property=\"og:url\" content=\"https:\/\/mallorcashootingsimulator.com\/es\/preguntas-frecuentes\/\" \/>\n<meta property=\"og:site_name\" content=\"Mallorca Shooting Simulator\" \/>\n<meta property=\"article:modified_time\" content=\"2024-04-23T10:53:25+00:00\" \/>\n<meta property=\"og:image\" content=\"https:\/\/mallorcashootingsimulator.com\/wp-content\/uploads\/2022\/07\/pexels-photo-356079.jpeg\" \/>\n\t<meta property=\"og:image:width\" content=\"1239\" \/>\n\t<meta property=\"og:image:height\" content=\"750\" \/>\n\t<meta property=\"og:image:type\" content=\"image\/jpeg\" \/>\n<meta name=\"twitter:card\" content=\"summary_large_image\" \/>\n<meta name=\"twitter:label1\" content=\"Tiempo de lectura\" \/>\n\t<meta name=\"twitter:data1\" content=\"2 minutos\" \/>\n<script type=\"application\/ld+json\" class=\"yoast-schema-graph\">{\"@context\":\"https:\/\/schema.org\",\"@graph\":[{\"@type\":\"WebPage\",\"@id\":\"https:\/\/mallorcashootingsimulator.com\/es\/preguntas-frecuentes\/\",\"url\":\"https:\/\/mallorcashootingsimulator.com\/es\/preguntas-frecuentes\/\",\"name\":\"Preguntas frecuentes - Mallorca Shooting Simulator\",\"isPartOf\":{\"@id\":\"https:\/\/mallorcashootingsimulator.com\/es\/#website\"},\"primaryImageOfPage\":{\"@id\":\"https:\/\/mallorcashootingsimulator.com\/es\/preguntas-frecuentes\/#primaryimage\"},\"image\":{\"@id\":\"https:\/\/mallorcashootingsimulator.com\/es\/preguntas-frecuentes\/#primaryimage\"},\"thumbnailUrl\":\"https:\/\/mallorcashootingsimulator.com\/wp-content\/uploads\/2022\/07\/pexels-photo-356079.jpeg\",\"datePublished\":\"2022-07-05T18:04:09+00:00\",\"dateModified\":\"2024-04-23T10:53:25+00:00\",\"description\":\"Si tienes dudas sobre el simulador de tiro puedes consultar nuestra p\u00e1gina de preguntas frecuentes o ponerte en contacto con nosotros si a\u00fan lo necesitas\",\"breadcrumb\":{\"@id\":\"https:\/\/mallorcashootingsimulator.com\/es\/preguntas-frecuentes\/#breadcrumb\"},\"inLanguage\":\"es\",\"potentialAction\":[{\"@type\":\"ReadAction\",\"target\":[\"https:\/\/mallorcashootingsimulator.com\/es\/preguntas-frecuentes\/\"]}]},{\"@type\":\"ImageObject\",\"inLanguage\":\"es\",\"@id\":\"https:\/\/mallorcashootingsimulator.com\/es\/preguntas-frecuentes\/#primaryimage\",\"url\":\"https:\/\/mallorcashootingsimulator.com\/wp-content\/uploads\/2022\/07\/pexels-photo-356079.jpeg\",\"contentUrl\":\"https:\/\/mallorcashootingsimulator.com\/wp-content\/uploads\/2022\/07\/pexels-photo-356079.jpeg\",\"width\":1239,\"height\":750,\"caption\":\"Faqs\"},{\"@type\":\"BreadcrumbList\",\"@id\":\"https:\/\/mallorcashootingsimulator.com\/es\/preguntas-frecuentes\/#breadcrumb\",\"itemListElement\":[{\"@type\":\"ListItem\",\"position\":1,\"name\":\"Home\",\"item\":\"https:\/\/mallorcashootingsimulator.com\/es\/\"},{\"@type\":\"ListItem\",\"position\":2,\"name\":\"Preguntas frecuentes\"}]},{\"@type\":\"WebSite\",\"@id\":\"https:\/\/mallorcashootingsimulator.com\/es\/#website\",\"url\":\"https:\/\/mallorcashootingsimulator.com\/es\/\",\"name\":\"Mallorca Shooting Simulator\",\"description\":\"Shooting Simulator N\u00ba1 in Mallorca\",\"publisher\":{\"@id\":\"https:\/\/mallorcashootingsimulator.com\/es\/#organization\"},\"potentialAction\":[{\"@type\":\"SearchAction\",\"target\":{\"@type\":\"EntryPoint\",\"urlTemplate\":\"https:\/\/mallorcashootingsimulator.com\/es\/?s={search_term_string}\"},\"query-input\":{\"@type\":\"PropertyValueSpecification\",\"valueRequired\":true,\"valueName\":\"search_term_string\"}}],\"inLanguage\":\"es\"},{\"@type\":\"Organization\",\"@id\":\"https:\/\/mallorcashootingsimulator.com\/es\/#organization\",\"name\":\"Mallorca Shooting Simulator\",\"url\":\"https:\/\/mallorcashootingsimulator.com\/es\/\",\"logo\":{\"@type\":\"ImageObject\",\"inLanguage\":\"es\",\"@id\":\"https:\/\/mallorcashootingsimulator.com\/es\/#\/schema\/logo\/image\/\",\"url\":\"https:\/\/mallorcashootingsimulator.com\/wp-content\/uploads\/2022\/06\/cropped-MallorcaBN_50.png\",\"contentUrl\":\"https:\/\/mallorcashootingsimulator.com\/wp-content\/uploads\/2022\/06\/cropped-MallorcaBN_50.png\",\"width\":125,\"height\":135,\"caption\":\"Mallorca Shooting Simulator\"},\"image\":{\"@id\":\"https:\/\/mallorcashootingsimulator.com\/es\/#\/schema\/logo\/image\/\"}}]}<\/script>\n<!-- \/ Yoast SEO plugin. -->","yoast_head_json":{"title":"Preguntas frecuentes - Mallorca Shooting Simulator","description":"Si tienes dudas sobre el simulador de tiro puedes consultar nuestra p\u00e1gina de preguntas frecuentes o ponerte en contacto con nosotros si a\u00fan lo necesitas","robots":{"index":"index","follow":"follow","max-snippet":"max-snippet:-1","max-image-preview":"max-image-preview:large","max-video-preview":"max-video-preview:-1"},"canonical":"https:\/\/mallorcashootingsimulator.com\/es\/preguntas-frecuentes\/","og_locale":"es_ES","og_type":"article","og_title":"Preguntas frecuentes - Mallorca Shooting Simulator","og_description":"Si tienes dudas sobre el simulador de tiro puedes consultar nuestra p\u00e1gina de preguntas frecuentes o ponerte en contacto con nosotros si a\u00fan lo necesitas","og_url":"https:\/\/mallorcashootingsimulator.com\/es\/preguntas-frecuentes\/","og_site_name":"Mallorca Shooting Simulator","article_modified_time":"2024-04-23T10:53:25+00:00","og_image":[{"width":1239,"height":750,"url":"https:\/\/mallorcashootingsimulator.com\/wp-content\/uploads\/2022\/07\/pexels-photo-356079.jpeg","type":"image\/jpeg"}],"twitter_card":"summary_large_image","twitter_misc":{"Tiempo de lectura":"2 minutos"},"schema":{"@context":"https:\/\/schema.org","@graph":[{"@type":"WebPage","@id":"https:\/\/mallorcashootingsimulator.com\/es\/preguntas-frecuentes\/","url":"https:\/\/mallorcashootingsimulator.com\/es\/preguntas-frecuentes\/","name":"Preguntas frecuentes - Mallorca Shooting Simulator","isPartOf":{"@id":"https:\/\/mallorcashootingsimulator.com\/es\/#website"},"primaryImageOfPage":{"@id":"https:\/\/mallorcashootingsimulator.com\/es\/preguntas-frecuentes\/#primaryimage"},"image":{"@id":"https:\/\/mallorcashootingsimulator.com\/es\/preguntas-frecuentes\/#primaryimage"},"thumbnailUrl":"https:\/\/mallorcashootingsimulator.com\/wp-content\/uploads\/2022\/07\/pexels-photo-356079.jpeg","datePublished":"2022-07-05T18:04:09+00:00","dateModified":"2024-04-23T10:53:25+00:00","description":"Si tienes dudas sobre el simulador de tiro puedes consultar nuestra p\u00e1gina de preguntas frecuentes o ponerte en contacto con nosotros si a\u00fan lo necesitas","breadcrumb":{"@id":"https:\/\/mallorcashootingsimulator.com\/es\/preguntas-frecuentes\/#breadcrumb"},"inLanguage":"es","potentialAction":[{"@type":"ReadAction","target":["https:\/\/mallorcashootingsimulator.com\/es\/preguntas-frecuentes\/"]}]},{"@type":"ImageObject","inLanguage":"es","@id":"https:\/\/mallorcashootingsimulator.com\/es\/preguntas-frecuentes\/#primaryimage","url":"https:\/\/mallorcashootingsimulator.com\/wp-content\/uploads\/2022\/07\/pexels-photo-356079.jpeg","contentUrl":"https:\/\/mallorcashootingsimulator.com\/wp-content\/uploads\/2022\/07\/pexels-photo-356079.jpeg","width":1239,"height":750,"caption":"Faqs"},{"@type":"BreadcrumbList","@id":"https:\/\/mallorcashootingsimulator.com\/es\/preguntas-frecuentes\/#breadcrumb","itemListElement":[{"@type":"ListItem","position":1,"name":"Home","item":"https:\/\/mallorcashootingsimulator.com\/es\/"},{"@type":"ListItem","position":2,"name":"Preguntas frecuentes"}]},{"@type":"WebSite","@id":"https:\/\/mallorcashootingsimulator.com\/es\/#website","url":"https:\/\/mallorcashootingsimulator.com\/es\/","name":"Mallorca Shooting Simulator","description":"Shooting Simulator N\u00ba1 in Mallorca","publisher":{"@id":"https:\/\/mallorcashootingsimulator.com\/es\/#organization"},"potentialAction":[{"@type":"SearchAction","target":{"@type":"EntryPoint","urlTemplate":"https:\/\/mallorcashootingsimulator.com\/es\/?s={search_term_string}"},"query-input":{"@type":"PropertyValueSpecification","valueRequired":true,"valueName":"search_term_string"}}],"inLanguage":"es"},{"@type":"Organization","@id":"https:\/\/mallorcashootingsimulator.com\/es\/#organization","name":"Mallorca Shooting Simulator","url":"https:\/\/mallorcashootingsimulator.com\/es\/","logo":{"@type":"ImageObject","inLanguage":"es","@id":"https:\/\/mallorcashootingsimulator.com\/es\/#\/schema\/logo\/image\/","url":"https:\/\/mallorcashootingsimulator.com\/wp-content\/uploads\/2022\/06\/cropped-MallorcaBN_50.png","contentUrl":"https:\/\/mallorcashootingsimulator.com\/wp-content\/uploads\/2022\/06\/cropped-MallorcaBN_50.png","width":125,"height":135,"caption":"Mallorca Shooting Simulator"},"image":{"@id":"https:\/\/mallorcashootingsimulator.com\/es\/#\/schema\/logo\/image\/"}}]}},"jetpack_sharing_enabled":true,"_links":{"self":[{"href":"https:\/\/mallorcashootingsimulator.com\/es\/wp-json\/wp\/v2\/pages\/6543","targetHints":{"allow":["GET"]}}],"collection":[{"href":"https:\/\/mallorcashootingsimulator.com\/es\/wp-json\/wp\/v2\/pages"}],"about":[{"href":"https:\/\/mallorcashootingsimulator.com\/es\/wp-json\/wp\/v2\/types\/page"}],"author":[{"embeddable":true,"href":"https:\/\/mallorcashootingsimulator.com\/es\/wp-json\/wp\/v2\/users\/1"}],"replies":[{"embeddable":true,"href":"https:\/\/mallorcashootingsimulator.com\/es\/wp-json\/wp\/v2\/comments?post=6543"}],"version-history":[{"count":14,"href":"https:\/\/mallorcashootingsimulator.com\/es\/wp-json\/wp\/v2\/pages\/6543\/revisions"}],"predecessor-version":[{"id":7369,"href":"https:\/\/mallorcashootingsimulator.com\/es\/wp-json\/wp\/v2\/pages\/6543\/revisions\/7369"}],"wp:featuredmedia":[{"embeddable":true,"href":"https:\/\/mallorcashootingsimulator.com\/es\/wp-json\/wp\/v2\/media\/6444"}],"wp:attachment":[{"href":"https:\/\/mallorcashootingsimulator.com\/es\/wp-json\/wp\/v2\/media?parent=6543"}],"curies":[{"name":"wp","href":"https:\/\/api.w.org\/{rel}","templated":true}]}}