{"id":6511,"date":"2022-07-06T11:09:13","date_gmt":"2022-07-06T09:09:13","guid":{"rendered":"https:\/\/mallorcashootingsimulator.com\/contacte-con\/"},"modified":"2024-04-23T13:00:50","modified_gmt":"2024-04-23T11:00:50","slug":"contacte-con","status":"publish","type":"page","link":"https:\/\/mallorcashootingsimulator.com\/es\/contacte-con\/","title":{"rendered":"Contacto"},"content":{"rendered":"<div class=\"wpb-content-wrapper\"><p>[vc_row][vc_column][vc_column_text]Puedes ponerte en contacto con nosotros a trav\u00e9s de los siguientes n\u00fameros de tel\u00e9fono y correos electr\u00f3nicos, o rellenar el siguiente formulario y nos pondremos en contacto lo antes posible. Gracias.[\/vc_column_text][\/vc_column][\/vc_row][vc_row][vc_column width=\u00bb1\/2&#8243;][vc_column_text css=\u00bb\u00bb]<img loading=\"lazy\" decoding=\"async\" class=\"size-medium wp-image-7370\" src=\"https:\/\/mallorcashootingsimulator.com\/wp-content\/uploads\/2024\/04\/Captura-de-pantalla-2024-04-23-a-las-12.58.42-300x135.png\" alt=\"Contacto\" width=\"300\" height=\"135\" srcset=\"https:\/\/mallorcashootingsimulator.com\/wp-content\/uploads\/2024\/04\/Captura-de-pantalla-2024-04-23-a-las-12.58.42-300x135.png 300w, https:\/\/mallorcashootingsimulator.com\/wp-content\/uploads\/2024\/04\/Captura-de-pantalla-2024-04-23-a-las-12.58.42-768x345.png 768w, https:\/\/mallorcashootingsimulator.com\/wp-content\/uploads\/2024\/04\/Captura-de-pantalla-2024-04-23-a-las-12.58.42-800x359.png 800w, https:\/\/mallorcashootingsimulator.com\/wp-content\/uploads\/2024\/04\/Captura-de-pantalla-2024-04-23-a-las-12.58.42-600x269.png 600w, https:\/\/mallorcashootingsimulator.com\/wp-content\/uploads\/2024\/04\/Captura-de-pantalla-2024-04-23-a-las-12.58.42.png 904w\" sizes=\"auto, (max-width: 300px) 100vw, 300px\" \/><\/p>\n<p>[\/vc_column_text][\/vc_column][vc_column width=\u00bb1\/2&#8243;][vc_column_text]\n<div class=\"wpcf7 no-js\" id=\"wpcf7-f6498-o1\" lang=\"es-ES\" dir=\"ltr\" data-wpcf7-id=\"6498\">\n<div class=\"screen-reader-response\"><p role=\"status\" aria-live=\"polite\" aria-atomic=\"true\"><\/p> <ul><\/ul><\/div>\n<form action=\"\/es\/wp-json\/wp\/v2\/pages\/6511#wpcf7-f6498-o1\" method=\"post\" class=\"wpcf7-form init\" aria-label=\"Formulario de contacto\" novalidate=\"novalidate\" data-status=\"init\">\n<fieldset class=\"hidden-fields-container\"><input type=\"hidden\" name=\"_wpcf7\" value=\"6498\" \/><input type=\"hidden\" name=\"_wpcf7_version\" value=\"6.1.2\" \/><input type=\"hidden\" name=\"_wpcf7_locale\" value=\"es_ES\" \/><input type=\"hidden\" name=\"_wpcf7_unit_tag\" value=\"wpcf7-f6498-o1\" \/><input type=\"hidden\" name=\"_wpcf7_container_post\" value=\"0\" \/><input type=\"hidden\" name=\"_wpcf7_posted_data_hash\" value=\"\" \/><input type=\"hidden\" name=\"_wpcf7_recaptcha_response\" value=\"\" \/>\n<\/fieldset>\n<p><label> Nombre<br \/>\n<span class=\"wpcf7-form-control-wrap\" data-name=\"your-name\"><input size=\"40\" maxlength=\"400\" class=\"wpcf7-form-control wpcf7-text wpcf7-validates-as-required\" aria-required=\"true\" aria-invalid=\"false\" value=\"\" type=\"text\" name=\"your-name\" \/><\/span> <\/label>\n<\/p>\n<p><label> e-mail (oblligatorio)<br \/>\n<span class=\"wpcf7-form-control-wrap\" data-name=\"your-email\"><input size=\"40\" maxlength=\"400\" class=\"wpcf7-form-control wpcf7-email wpcf7-validates-as-required wpcf7-text wpcf7-validates-as-email\" aria-required=\"true\" aria-invalid=\"false\" value=\"\" type=\"email\" name=\"your-email\" \/><\/span> <\/label>\n<\/p>\n<p><label> Tfno movil (opcional)<br \/>\n<span class=\"wpcf7-form-control-wrap\" data-name=\"tel-93\"><input size=\"40\" maxlength=\"400\" class=\"wpcf7-form-control wpcf7-tel wpcf7-text wpcf7-validates-as-tel\" aria-invalid=\"false\" value=\"\" type=\"tel\" name=\"tel-93\" \/><\/span> <\/label>\n<\/p>\n<p><label> Asunto<br \/>\n<span class=\"wpcf7-form-control-wrap\" data-name=\"your-subject\"><input size=\"40\" maxlength=\"400\" class=\"wpcf7-form-control wpcf7-text wpcf7-validates-as-required\" aria-required=\"true\" aria-invalid=\"false\" value=\"\" type=\"text\" name=\"your-subject\" \/><\/span> <\/label>\n<\/p>\n<p><label> Mensaje<br \/>\n<span class=\"wpcf7-form-control-wrap\" data-name=\"your-message\"><textarea cols=\"40\" rows=\"10\" maxlength=\"2000\" class=\"wpcf7-form-control wpcf7-textarea\" aria-invalid=\"false\" name=\"your-message\"><\/textarea><\/span> <\/label>\n<\/p>\n<p><input class=\"wpcf7-form-control wpcf7-submit has-spinner\" type=\"submit\" value=\"Enviar\" \/>\n<\/p>\n<p>Por favor, comprueba que la direcci\u00f3n de e-mail sea correcta o de lo contrario no podremos contactarte.\n<\/p><div class=\"wpcf7-response-output\" aria-hidden=\"true\"><\/div>\n<\/form>\n<\/div>\n[\/vc_column_text][\/vc_column][\/vc_row][vc_row][vc_column][vc_column_text]<\/p>\n<div class=\"page\" title=\"P\u00e1gina 4\">\n<div class=\"section\">\n<div class=\"layoutArea\">\n<div class=\"column\">\n<p>El simulador de tiro de Mallorca recoge sus datos para responder a su consulta. Puede ejercer sus derechos de acceso, rectificaci\u00f3n, supresi\u00f3n y oposici\u00f3n, entre otros, seg\u00fan nuestra Pol\u00edtica de Privacidad.<\/p>\n<\/div>\n<\/div>\n<\/div>\n<\/div>\n<p>[\/vc_column_text][\/vc_column][\/vc_row]<\/p>\n<\/div>","protected":false},"excerpt":{"rendered":"<p>[vc_row][vc_column][vc_column_text]Puedes ponerte en contacto con nosotros a trav\u00e9s de los siguientes n\u00fameros de tel\u00e9fono y correos electr\u00f3nicos, o rellenar el siguiente formulario y nos pondremos en contacto lo antes posible. Gracias.[\/vc_column_text][\/vc_column][\/vc_row][vc_row][vc_column width=\u00bb1\/2&#8243;][vc_column_text css=\u00bb\u00bb] [\/vc_column_text][\/vc_column][vc_column width=\u00bb1\/2&#8243;][vc_column_text][\/vc_column_text][\/vc_column][\/vc_row][vc_row][vc_column][vc_column_text] El simulador de tiro de Mallorca recoge sus datos para responder a su consulta. Puede ejercer sus derechos de acceso, rectificaci\u00f3n, supresi\u00f3n y oposici\u00f3n, entre otros, seg\u00fan nuestra Pol\u00edtica de Privacidad. [\/vc_column_text][\/vc_column][\/vc_row]<\/p>\n","protected":false},"author":1,"featured_media":6445,"parent":0,"menu_order":0,"comment_status":"closed","ping_status":"closed","template":"page-templates\/full-width.php","meta":{"footnotes":""},"class_list":["post-6511","page","type-page","status-publish","has-post-thumbnail","hentry"],"yoast_head":"<!-- This site is optimized with the Yoast SEO plugin v26.1.1 - https:\/\/yoast.com\/wordpress\/plugins\/seo\/ -->\n<title>Contacto - Mallorca Shooting Simulator<\/title>\n<meta name=\"description\" content=\"Contacta por correo electr\u00f3nico en info@mallorcashootingsimulator.com o por WhatsApp en el 649179639\" \/>\n<meta name=\"robots\" content=\"index, follow, max-snippet:-1, max-image-preview:large, max-video-preview:-1\" \/>\n<link rel=\"canonical\" href=\"https:\/\/mallorcashootingsimulator.com\/es\/contacte-con\/\" \/>\n<meta property=\"og:locale\" content=\"es_ES\" \/>\n<meta property=\"og:type\" content=\"article\" \/>\n<meta property=\"og:title\" content=\"Contacto - Mallorca Shooting Simulator\" \/>\n<meta property=\"og:description\" content=\"Contacta por correo electr\u00f3nico en info@mallorcashootingsimulator.com o por WhatsApp en el 649179639\" \/>\n<meta property=\"og:url\" content=\"https:\/\/mallorcashootingsimulator.com\/es\/contacte-con\/\" \/>\n<meta property=\"og:site_name\" content=\"Mallorca Shooting Simulator\" \/>\n<meta property=\"article:modified_time\" content=\"2024-04-23T11:00:50+00:00\" \/>\n<meta property=\"og:image\" content=\"https:\/\/mallorcashootingsimulator.com\/wp-content\/uploads\/2022\/07\/ssp063-scaled.jpg\" \/>\n\t<meta property=\"og:image:width\" content=\"2560\" \/>\n\t<meta property=\"og:image:height\" content=\"1707\" \/>\n\t<meta property=\"og:image:type\" content=\"image\/jpeg\" \/>\n<meta name=\"twitter:card\" content=\"summary_large_image\" \/>\n<meta name=\"twitter:label1\" content=\"Tiempo de lectura\" \/>\n\t<meta name=\"twitter:data1\" content=\"1 minuto\" \/>\n<script type=\"application\/ld+json\" class=\"yoast-schema-graph\">{\"@context\":\"https:\/\/schema.org\",\"@graph\":[{\"@type\":\"WebPage\",\"@id\":\"https:\/\/mallorcashootingsimulator.com\/es\/contacte-con\/\",\"url\":\"https:\/\/mallorcashootingsimulator.com\/es\/contacte-con\/\",\"name\":\"Contacto - Mallorca Shooting Simulator\",\"isPartOf\":{\"@id\":\"https:\/\/mallorcashootingsimulator.com\/es\/#website\"},\"primaryImageOfPage\":{\"@id\":\"https:\/\/mallorcashootingsimulator.com\/es\/contacte-con\/#primaryimage\"},\"image\":{\"@id\":\"https:\/\/mallorcashootingsimulator.com\/es\/contacte-con\/#primaryimage\"},\"thumbnailUrl\":\"https:\/\/mallorcashootingsimulator.com\/wp-content\/uploads\/2022\/07\/ssp063-scaled.jpg\",\"datePublished\":\"2022-07-06T09:09:13+00:00\",\"dateModified\":\"2024-04-23T11:00:50+00:00\",\"description\":\"Contacta por correo electr\u00f3nico en info@mallorcashootingsimulator.com o por WhatsApp en el 649179639\",\"breadcrumb\":{\"@id\":\"https:\/\/mallorcashootingsimulator.com\/es\/contacte-con\/#breadcrumb\"},\"inLanguage\":\"es\",\"potentialAction\":[{\"@type\":\"ReadAction\",\"target\":[\"https:\/\/mallorcashootingsimulator.com\/es\/contacte-con\/\"]}]},{\"@type\":\"ImageObject\",\"inLanguage\":\"es\",\"@id\":\"https:\/\/mallorcashootingsimulator.com\/es\/contacte-con\/#primaryimage\",\"url\":\"https:\/\/mallorcashootingsimulator.com\/wp-content\/uploads\/2022\/07\/ssp063-scaled.jpg\",\"contentUrl\":\"https:\/\/mallorcashootingsimulator.com\/wp-content\/uploads\/2022\/07\/ssp063-scaled.jpg\",\"width\":2560,\"height\":1707,\"caption\":\"Contact\"},{\"@type\":\"BreadcrumbList\",\"@id\":\"https:\/\/mallorcashootingsimulator.com\/es\/contacte-con\/#breadcrumb\",\"itemListElement\":[{\"@type\":\"ListItem\",\"position\":1,\"name\":\"Home\",\"item\":\"https:\/\/mallorcashootingsimulator.com\/es\/\"},{\"@type\":\"ListItem\",\"position\":2,\"name\":\"Contacto\"}]},{\"@type\":\"WebSite\",\"@id\":\"https:\/\/mallorcashootingsimulator.com\/es\/#website\",\"url\":\"https:\/\/mallorcashootingsimulator.com\/es\/\",\"name\":\"Mallorca Shooting Simulator\",\"description\":\"Shooting Simulator N\u00ba1 in Mallorca\",\"publisher\":{\"@id\":\"https:\/\/mallorcashootingsimulator.com\/es\/#organization\"},\"potentialAction\":[{\"@type\":\"SearchAction\",\"target\":{\"@type\":\"EntryPoint\",\"urlTemplate\":\"https:\/\/mallorcashootingsimulator.com\/es\/?s={search_term_string}\"},\"query-input\":{\"@type\":\"PropertyValueSpecification\",\"valueRequired\":true,\"valueName\":\"search_term_string\"}}],\"inLanguage\":\"es\"},{\"@type\":\"Organization\",\"@id\":\"https:\/\/mallorcashootingsimulator.com\/es\/#organization\",\"name\":\"Mallorca Shooting Simulator\",\"url\":\"https:\/\/mallorcashootingsimulator.com\/es\/\",\"logo\":{\"@type\":\"ImageObject\",\"inLanguage\":\"es\",\"@id\":\"https:\/\/mallorcashootingsimulator.com\/es\/#\/schema\/logo\/image\/\",\"url\":\"https:\/\/mallorcashootingsimulator.com\/wp-content\/uploads\/2022\/06\/cropped-MallorcaBN_50.png\",\"contentUrl\":\"https:\/\/mallorcashootingsimulator.com\/wp-content\/uploads\/2022\/06\/cropped-MallorcaBN_50.png\",\"width\":125,\"height\":135,\"caption\":\"Mallorca Shooting Simulator\"},\"image\":{\"@id\":\"https:\/\/mallorcashootingsimulator.com\/es\/#\/schema\/logo\/image\/\"}}]}<\/script>\n<!-- \/ Yoast SEO plugin. -->","yoast_head_json":{"title":"Contacto - Mallorca Shooting Simulator","description":"Contacta por correo electr\u00f3nico en info@mallorcashootingsimulator.com o por WhatsApp en el 649179639","robots":{"index":"index","follow":"follow","max-snippet":"max-snippet:-1","max-image-preview":"max-image-preview:large","max-video-preview":"max-video-preview:-1"},"canonical":"https:\/\/mallorcashootingsimulator.com\/es\/contacte-con\/","og_locale":"es_ES","og_type":"article","og_title":"Contacto - Mallorca Shooting Simulator","og_description":"Contacta por correo electr\u00f3nico en info@mallorcashootingsimulator.com o por WhatsApp en el 649179639","og_url":"https:\/\/mallorcashootingsimulator.com\/es\/contacte-con\/","og_site_name":"Mallorca Shooting Simulator","article_modified_time":"2024-04-23T11:00:50+00:00","og_image":[{"width":2560,"height":1707,"url":"https:\/\/mallorcashootingsimulator.com\/wp-content\/uploads\/2022\/07\/ssp063-scaled.jpg","type":"image\/jpeg"}],"twitter_card":"summary_large_image","twitter_misc":{"Tiempo de lectura":"1 minuto"},"schema":{"@context":"https:\/\/schema.org","@graph":[{"@type":"WebPage","@id":"https:\/\/mallorcashootingsimulator.com\/es\/contacte-con\/","url":"https:\/\/mallorcashootingsimulator.com\/es\/contacte-con\/","name":"Contacto - Mallorca Shooting Simulator","isPartOf":{"@id":"https:\/\/mallorcashootingsimulator.com\/es\/#website"},"primaryImageOfPage":{"@id":"https:\/\/mallorcashootingsimulator.com\/es\/contacte-con\/#primaryimage"},"image":{"@id":"https:\/\/mallorcashootingsimulator.com\/es\/contacte-con\/#primaryimage"},"thumbnailUrl":"https:\/\/mallorcashootingsimulator.com\/wp-content\/uploads\/2022\/07\/ssp063-scaled.jpg","datePublished":"2022-07-06T09:09:13+00:00","dateModified":"2024-04-23T11:00:50+00:00","description":"Contacta por correo electr\u00f3nico en info@mallorcashootingsimulator.com o por WhatsApp en el 649179639","breadcrumb":{"@id":"https:\/\/mallorcashootingsimulator.com\/es\/contacte-con\/#breadcrumb"},"inLanguage":"es","potentialAction":[{"@type":"ReadAction","target":["https:\/\/mallorcashootingsimulator.com\/es\/contacte-con\/"]}]},{"@type":"ImageObject","inLanguage":"es","@id":"https:\/\/mallorcashootingsimulator.com\/es\/contacte-con\/#primaryimage","url":"https:\/\/mallorcashootingsimulator.com\/wp-content\/uploads\/2022\/07\/ssp063-scaled.jpg","contentUrl":"https:\/\/mallorcashootingsimulator.com\/wp-content\/uploads\/2022\/07\/ssp063-scaled.jpg","width":2560,"height":1707,"caption":"Contact"},{"@type":"BreadcrumbList","@id":"https:\/\/mallorcashootingsimulator.com\/es\/contacte-con\/#breadcrumb","itemListElement":[{"@type":"ListItem","position":1,"name":"Home","item":"https:\/\/mallorcashootingsimulator.com\/es\/"},{"@type":"ListItem","position":2,"name":"Contacto"}]},{"@type":"WebSite","@id":"https:\/\/mallorcashootingsimulator.com\/es\/#website","url":"https:\/\/mallorcashootingsimulator.com\/es\/","name":"Mallorca Shooting Simulator","description":"Shooting Simulator N\u00ba1 in Mallorca","publisher":{"@id":"https:\/\/mallorcashootingsimulator.com\/es\/#organization"},"potentialAction":[{"@type":"SearchAction","target":{"@type":"EntryPoint","urlTemplate":"https:\/\/mallorcashootingsimulator.com\/es\/?s={search_term_string}"},"query-input":{"@type":"PropertyValueSpecification","valueRequired":true,"valueName":"search_term_string"}}],"inLanguage":"es"},{"@type":"Organization","@id":"https:\/\/mallorcashootingsimulator.com\/es\/#organization","name":"Mallorca Shooting Simulator","url":"https:\/\/mallorcashootingsimulator.com\/es\/","logo":{"@type":"ImageObject","inLanguage":"es","@id":"https:\/\/mallorcashootingsimulator.com\/es\/#\/schema\/logo\/image\/","url":"https:\/\/mallorcashootingsimulator.com\/wp-content\/uploads\/2022\/06\/cropped-MallorcaBN_50.png","contentUrl":"https:\/\/mallorcashootingsimulator.com\/wp-content\/uploads\/2022\/06\/cropped-MallorcaBN_50.png","width":125,"height":135,"caption":"Mallorca Shooting Simulator"},"image":{"@id":"https:\/\/mallorcashootingsimulator.com\/es\/#\/schema\/logo\/image\/"}}]}},"jetpack_sharing_enabled":true,"_links":{"self":[{"href":"https:\/\/mallorcashootingsimulator.com\/es\/wp-json\/wp\/v2\/pages\/6511","targetHints":{"allow":["GET"]}}],"collection":[{"href":"https:\/\/mallorcashootingsimulator.com\/es\/wp-json\/wp\/v2\/pages"}],"about":[{"href":"https:\/\/mallorcashootingsimulator.com\/es\/wp-json\/wp\/v2\/types\/page"}],"author":[{"embeddable":true,"href":"https:\/\/mallorcashootingsimulator.com\/es\/wp-json\/wp\/v2\/users\/1"}],"replies":[{"embeddable":true,"href":"https:\/\/mallorcashootingsimulator.com\/es\/wp-json\/wp\/v2\/comments?post=6511"}],"version-history":[{"count":3,"href":"https:\/\/mallorcashootingsimulator.com\/es\/wp-json\/wp\/v2\/pages\/6511\/revisions"}],"predecessor-version":[{"id":7376,"href":"https:\/\/mallorcashootingsimulator.com\/es\/wp-json\/wp\/v2\/pages\/6511\/revisions\/7376"}],"wp:featuredmedia":[{"embeddable":true,"href":"https:\/\/mallorcashootingsimulator.com\/es\/wp-json\/wp\/v2\/media\/6445"}],"wp:attachment":[{"href":"https:\/\/mallorcashootingsimulator.com\/es\/wp-json\/wp\/v2\/media?parent=6511"}],"curies":[{"name":"wp","href":"https:\/\/api.w.org\/{rel}","templated":true}]}}