{"id":6489,"date":"2022-07-08T21:24:14","date_gmt":"2022-07-08T19:24:14","guid":{"rendered":"https:\/\/mallorcashootingsimulator.com\/fotos\/"},"modified":"2022-11-03T13:29:46","modified_gmt":"2022-11-03T12:29:46","slug":"photos","status":"publish","type":"page","link":"https:\/\/mallorcashootingsimulator.com\/es\/photos\/","title":{"rendered":"Fotos"},"content":{"rendered":"<div class=\"wpb-content-wrapper\">\r\n<p>&nbsp;<\/p>\r\n<p>[vc_row][vc_column][vc_masonry_media_grid item=\u00bbmasonryMedia_BorderedScale\u00bb grid_id=\u00bbvc_gid:1657382744823-53f7b740-708e-3&#8243; include=\u00bb6238,6237,6236,6235,6234,6233,6232,6231,6230,6229,6228,6227,6226,6224,5980,6269,6247,6249,6268,6267,6265,6264,6251,5964,6261,6259,6257,6255,6253,6266&#8243;][\/vc_column][\/vc_row]<\/p>\r\n<\/div>","protected":false},"excerpt":{"rendered":"&nbsp; [vc_row][vc_column][vc_masonry_media_grid item=\"masonryMedia_BorderedScale\" grid_id=\"vc_gid:1657382744823-53f7b740-708e-3\" include=\"6238,6237,6236,6235,6234,6233,6232,6231,6230,6229,6228,6227,6226,6224,5980,6269,6247,6249,6268,6267,6265,6264,6251,5964,6261,6259,6257,6255,6253,6266\"][\/vc_column][\/vc_row]","protected":false},"author":1,"featured_media":0,"parent":0,"menu_order":0,"comment_status":"closed","ping_status":"closed","template":"page-templates\/full-width.php","meta":{"footnotes":""},"class_list":["post-6489","page","type-page","status-publish","hentry"],"yoast_head":"<!-- This site is optimized with the Yoast SEO plugin v26.1.1 - https:\/\/yoast.com\/wordpress\/plugins\/seo\/ -->\n<title>Fotos - Mallorca Shooting Simulator<\/title>\n<meta name=\"description\" content=\"Una imagen vale m\u00e1s que mil palabras. Si quieres descubrir c\u00f3mo es un simulador de tiro puedes ver estas im\u00e1genes.\" \/>\n<meta name=\"robots\" content=\"index, follow, max-snippet:-1, max-image-preview:large, max-video-preview:-1\" \/>\n<link rel=\"canonical\" href=\"https:\/\/mallorcashootingsimulator.com\/es\/photos\/\" \/>\n<meta property=\"og:locale\" content=\"es_ES\" \/>\n<meta property=\"og:type\" content=\"article\" \/>\n<meta property=\"og:title\" content=\"Fotos - Mallorca Shooting Simulator\" \/>\n<meta property=\"og:description\" content=\"Una imagen vale m\u00e1s que mil palabras. Si quieres descubrir c\u00f3mo es un simulador de tiro puedes ver estas im\u00e1genes.\" \/>\n<meta property=\"og:url\" content=\"https:\/\/mallorcashootingsimulator.com\/es\/photos\/\" \/>\n<meta property=\"og:site_name\" content=\"Mallorca Shooting Simulator\" \/>\n<meta property=\"article:modified_time\" content=\"2022-11-03T12:29:46+00:00\" \/>\n<meta name=\"twitter:card\" content=\"summary_large_image\" \/>\n<meta name=\"twitter:label1\" content=\"Tiempo de lectura\" \/>\n\t<meta name=\"twitter:data1\" content=\"1 minuto\" \/>\n<script type=\"application\/ld+json\" class=\"yoast-schema-graph\">{\"@context\":\"https:\/\/schema.org\",\"@graph\":[{\"@type\":\"WebPage\",\"@id\":\"https:\/\/mallorcashootingsimulator.com\/es\/photos\/\",\"url\":\"https:\/\/mallorcashootingsimulator.com\/es\/photos\/\",\"name\":\"Fotos - Mallorca Shooting Simulator\",\"isPartOf\":{\"@id\":\"https:\/\/mallorcashootingsimulator.com\/es\/#website\"},\"datePublished\":\"2022-07-08T19:24:14+00:00\",\"dateModified\":\"2022-11-03T12:29:46+00:00\",\"description\":\"Una imagen vale m\u00e1s que mil palabras. Si quieres descubrir c\u00f3mo es un simulador de tiro puedes ver estas im\u00e1genes.\",\"breadcrumb\":{\"@id\":\"https:\/\/mallorcashootingsimulator.com\/es\/photos\/#breadcrumb\"},\"inLanguage\":\"es\",\"potentialAction\":[{\"@type\":\"ReadAction\",\"target\":[\"https:\/\/mallorcashootingsimulator.com\/es\/photos\/\"]}]},{\"@type\":\"BreadcrumbList\",\"@id\":\"https:\/\/mallorcashootingsimulator.com\/es\/photos\/#breadcrumb\",\"itemListElement\":[{\"@type\":\"ListItem\",\"position\":1,\"name\":\"Home\",\"item\":\"https:\/\/mallorcashootingsimulator.com\/es\/\"},{\"@type\":\"ListItem\",\"position\":2,\"name\":\"Fotos\"}]},{\"@type\":\"WebSite\",\"@id\":\"https:\/\/mallorcashootingsimulator.com\/es\/#website\",\"url\":\"https:\/\/mallorcashootingsimulator.com\/es\/\",\"name\":\"Mallorca Shooting Simulator\",\"description\":\"Shooting Simulator N\u00ba1 in Mallorca\",\"publisher\":{\"@id\":\"https:\/\/mallorcashootingsimulator.com\/es\/#organization\"},\"potentialAction\":[{\"@type\":\"SearchAction\",\"target\":{\"@type\":\"EntryPoint\",\"urlTemplate\":\"https:\/\/mallorcashootingsimulator.com\/es\/?s={search_term_string}\"},\"query-input\":{\"@type\":\"PropertyValueSpecification\",\"valueRequired\":true,\"valueName\":\"search_term_string\"}}],\"inLanguage\":\"es\"},{\"@type\":\"Organization\",\"@id\":\"https:\/\/mallorcashootingsimulator.com\/es\/#organization\",\"name\":\"Mallorca Shooting Simulator\",\"url\":\"https:\/\/mallorcashootingsimulator.com\/es\/\",\"logo\":{\"@type\":\"ImageObject\",\"inLanguage\":\"es\",\"@id\":\"https:\/\/mallorcashootingsimulator.com\/es\/#\/schema\/logo\/image\/\",\"url\":\"https:\/\/mallorcashootingsimulator.com\/wp-content\/uploads\/2022\/06\/cropped-MallorcaBN_50.png\",\"contentUrl\":\"https:\/\/mallorcashootingsimulator.com\/wp-content\/uploads\/2022\/06\/cropped-MallorcaBN_50.png\",\"width\":125,\"height\":135,\"caption\":\"Mallorca Shooting Simulator\"},\"image\":{\"@id\":\"https:\/\/mallorcashootingsimulator.com\/es\/#\/schema\/logo\/image\/\"}}]}<\/script>\n<!-- \/ Yoast SEO plugin. -->","yoast_head_json":{"title":"Fotos - Mallorca Shooting Simulator","description":"Una imagen vale m\u00e1s que mil palabras. Si quieres descubrir c\u00f3mo es un simulador de tiro puedes ver estas im\u00e1genes.","robots":{"index":"index","follow":"follow","max-snippet":"max-snippet:-1","max-image-preview":"max-image-preview:large","max-video-preview":"max-video-preview:-1"},"canonical":"https:\/\/mallorcashootingsimulator.com\/es\/photos\/","og_locale":"es_ES","og_type":"article","og_title":"Fotos - Mallorca Shooting Simulator","og_description":"Una imagen vale m\u00e1s que mil palabras. Si quieres descubrir c\u00f3mo es un simulador de tiro puedes ver estas im\u00e1genes.","og_url":"https:\/\/mallorcashootingsimulator.com\/es\/photos\/","og_site_name":"Mallorca Shooting Simulator","article_modified_time":"2022-11-03T12:29:46+00:00","twitter_card":"summary_large_image","twitter_misc":{"Tiempo de lectura":"1 minuto"},"schema":{"@context":"https:\/\/schema.org","@graph":[{"@type":"WebPage","@id":"https:\/\/mallorcashootingsimulator.com\/es\/photos\/","url":"https:\/\/mallorcashootingsimulator.com\/es\/photos\/","name":"Fotos - Mallorca Shooting Simulator","isPartOf":{"@id":"https:\/\/mallorcashootingsimulator.com\/es\/#website"},"datePublished":"2022-07-08T19:24:14+00:00","dateModified":"2022-11-03T12:29:46+00:00","description":"Una imagen vale m\u00e1s que mil palabras. Si quieres descubrir c\u00f3mo es un simulador de tiro puedes ver estas im\u00e1genes.","breadcrumb":{"@id":"https:\/\/mallorcashootingsimulator.com\/es\/photos\/#breadcrumb"},"inLanguage":"es","potentialAction":[{"@type":"ReadAction","target":["https:\/\/mallorcashootingsimulator.com\/es\/photos\/"]}]},{"@type":"BreadcrumbList","@id":"https:\/\/mallorcashootingsimulator.com\/es\/photos\/#breadcrumb","itemListElement":[{"@type":"ListItem","position":1,"name":"Home","item":"https:\/\/mallorcashootingsimulator.com\/es\/"},{"@type":"ListItem","position":2,"name":"Fotos"}]},{"@type":"WebSite","@id":"https:\/\/mallorcashootingsimulator.com\/es\/#website","url":"https:\/\/mallorcashootingsimulator.com\/es\/","name":"Mallorca Shooting Simulator","description":"Shooting Simulator N\u00ba1 in Mallorca","publisher":{"@id":"https:\/\/mallorcashootingsimulator.com\/es\/#organization"},"potentialAction":[{"@type":"SearchAction","target":{"@type":"EntryPoint","urlTemplate":"https:\/\/mallorcashootingsimulator.com\/es\/?s={search_term_string}"},"query-input":{"@type":"PropertyValueSpecification","valueRequired":true,"valueName":"search_term_string"}}],"inLanguage":"es"},{"@type":"Organization","@id":"https:\/\/mallorcashootingsimulator.com\/es\/#organization","name":"Mallorca Shooting Simulator","url":"https:\/\/mallorcashootingsimulator.com\/es\/","logo":{"@type":"ImageObject","inLanguage":"es","@id":"https:\/\/mallorcashootingsimulator.com\/es\/#\/schema\/logo\/image\/","url":"https:\/\/mallorcashootingsimulator.com\/wp-content\/uploads\/2022\/06\/cropped-MallorcaBN_50.png","contentUrl":"https:\/\/mallorcashootingsimulator.com\/wp-content\/uploads\/2022\/06\/cropped-MallorcaBN_50.png","width":125,"height":135,"caption":"Mallorca Shooting Simulator"},"image":{"@id":"https:\/\/mallorcashootingsimulator.com\/es\/#\/schema\/logo\/image\/"}}]}},"jetpack_sharing_enabled":true,"_links":{"self":[{"href":"https:\/\/mallorcashootingsimulator.com\/es\/wp-json\/wp\/v2\/pages\/6489","targetHints":{"allow":["GET"]}}],"collection":[{"href":"https:\/\/mallorcashootingsimulator.com\/es\/wp-json\/wp\/v2\/pages"}],"about":[{"href":"https:\/\/mallorcashootingsimulator.com\/es\/wp-json\/wp\/v2\/types\/page"}],"author":[{"embeddable":true,"href":"https:\/\/mallorcashootingsimulator.com\/es\/wp-json\/wp\/v2\/users\/1"}],"replies":[{"embeddable":true,"href":"https:\/\/mallorcashootingsimulator.com\/es\/wp-json\/wp\/v2\/comments?post=6489"}],"version-history":[{"count":0,"href":"https:\/\/mallorcashootingsimulator.com\/es\/wp-json\/wp\/v2\/pages\/6489\/revisions"}],"wp:attachment":[{"href":"https:\/\/mallorcashootingsimulator.com\/es\/wp-json\/wp\/v2\/media?parent=6489"}],"curies":[{"name":"wp","href":"https:\/\/api.w.org\/{rel}","templated":true}]}}